{"id":150,"date":"2026-04-21T13:01:50","date_gmt":"2026-04-21T11:01:50","guid":{"rendered":"https:\/\/localhost\/wordpress\/?page_id=150"},"modified":"2026-04-21T13:01:52","modified_gmt":"2026-04-21T11:01:52","slug":"profesorado","status":"publish","type":"page","link":"https:\/\/cepermariazambrano.es\/?page_id=150","title":{"rendered":"Profesorado"},"content":{"rendered":"\n<figure class=\"wp-block-image size-full is-resized\"><img fetchpriority=\"high\" decoding=\"async\" width=\"2400\" height=\"1600\" src=\"https:\/\/cepermariazambrano.es\/wp-content\/uploads\/2026\/04\/Equipo-docente-curso-2024-2025-2.jpg\" alt=\"\" class=\"wp-image-151\" style=\"width:679px;height:auto\"\/><\/figure>\n\n\n\n<p><strong>Gloria Out\u00f3n P\u00e9rez\u00a0 \u00a0 \u00a0 \u00a0 \u00a0 \u00a0 \u00a0 \u00a0 \u00a0 \u00a0 \u00a0 \u00a0 \u00a0 \u00a0 \u00a0 \u00a0 \u00a0 \u00a0 \u00a0 \u00a0 \u00a0 \u00a0\u00a0<br>Alfonso Fern\u00e1ndez Cand\u00f3n<br>Josefina Vargas Mariscal<br>May Zambrano Gil<br>Cory Aguaded Carrasco<br>Maril\u00f3 Baena Salado<br>Inmaculada Dom\u00ednguez Gonz\u00e1lez<br>Marich\u00f3n Dom\u00ednguez S\u00e1nchez<br>Francisco Cid Fornell<br>Jos\u00e9 Marcos Garc\u00eda Figueroa<br>To\u00f1i Guti\u00e9rrez Rosado<br>Mar\u00eda Hern\u00e1ndez Romero<br>M\u00aa Dolores Le\u00f3n Rodr\u00edguez<br>Isabel Olmedo Robledo<br>Rosa Palacio Valverde<br>Lydia S\u00e1nchez Garc\u00eda<br>Jos\u00e9 Manuel Zurita Rodr\u00edguez<\/strong><\/p>\n","protected":false},"excerpt":{"rendered":"<p>Gloria Out\u00f3n P\u00e9rez\u00a0 \u00a0 \u00a0 \u00a0 \u00a0 \u00a0 \u00a0 \u00a0 \u00a0 \u00a0 \u00a0 \u00a0 \u00a0 \u00a0 \u00a0 \u00a0 \u00a0 \u00a0 [&hellip;]<\/p>\n","protected":false},"author":1,"featured_media":0,"parent":0,"menu_order":0,"comment_status":"closed","ping_status":"closed","template":"","meta":{"site-sidebar-layout":"default","site-content-layout":"","ast-site-content-layout":"default","site-content-style":"default","site-sidebar-style":"default","ast-global-header-display":"","ast-banner-title-visibility":"","ast-main-header-display":"","ast-hfb-above-header-display":"","ast-hfb-below-header-display":"","ast-hfb-mobile-header-display":"","site-post-title":"","ast-breadcrumbs-content":"","ast-featured-img":"","footer-sml-layout":"","ast-disable-related-posts":"","theme-transparent-header-meta":"","adv-header-id-meta":"","stick-header-meta":"","header-above-stick-meta":"","header-main-stick-meta":"","header-below-stick-meta":"","astra-migrate-meta-layouts":"default","ast-page-background-enabled":"default","ast-page-background-meta":{"desktop":{"background-color":"var(--ast-global-color-5)","background-image":"","background-repeat":"repeat","background-position":"center center","background-size":"auto","background-attachment":"scroll","background-type":"","background-media":"","overlay-type":"","overlay-color":"","overlay-opacity":"","overlay-gradient":""},"tablet":{"background-color":"","background-image":"","background-repeat":"repeat","background-position":"center center","background-size":"auto","background-attachment":"scroll","background-type":"","background-media":"","overlay-type":"","overlay-color":"","overlay-opacity":"","overlay-gradient":""},"mobile":{"background-color":"","background-image":"","background-repeat":"repeat","background-position":"center center","background-size":"auto","background-attachment":"scroll","background-type":"","background-media":"","overlay-type":"","overlay-color":"","overlay-opacity":"","overlay-gradient":""}},"ast-content-background-meta":{"desktop":{"background-color":"var(--ast-global-color-4)","background-image":"","background-repeat":"repeat","background-position":"center center","background-size":"auto","background-attachment":"scroll","background-type":"","background-media":"","overlay-type":"","overlay-color":"","overlay-opacity":"","overlay-gradient":""},"tablet":{"background-color":"var(--ast-global-color-4)","background-image":"","background-repeat":"repeat","background-position":"center center","background-size":"auto","background-attachment":"scroll","background-type":"","background-media":"","overlay-type":"","overlay-color":"","overlay-opacity":"","overlay-gradient":""},"mobile":{"background-color":"var(--ast-global-color-4)","background-image":"","background-repeat":"repeat","background-position":"center center","background-size":"auto","background-attachment":"scroll","background-type":"","background-media":"","overlay-type":"","overlay-color":"","overlay-opacity":"","overlay-gradient":""}},"footnotes":""},"class_list":["post-150","page","type-page","status-publish","hentry"],"yoast_head":"<!-- This site is optimized with the Yoast SEO plugin v27.1.1 - https:\/\/yoast.com\/product\/yoast-seo-wordpress\/ -->\n<title>Profesorado - CEPER Mar\u00eda Zambrano<\/title>\n<meta name=\"robots\" content=\"index, follow, max-snippet:-1, max-image-preview:large, max-video-preview:-1\" \/>\n<link rel=\"canonical\" href=\"https:\/\/cepermariazambrano.es\/?page_id=150\" \/>\n<meta property=\"og:locale\" content=\"es_ES\" \/>\n<meta property=\"og:type\" content=\"article\" \/>\n<meta property=\"og:title\" content=\"Profesorado - CEPER Mar\u00eda Zambrano\" \/>\n<meta property=\"og:description\" content=\"Gloria Out\u00f3n P\u00e9rez\u00a0 \u00a0 \u00a0 \u00a0 \u00a0 \u00a0 \u00a0 \u00a0 \u00a0 \u00a0 \u00a0 \u00a0 \u00a0 \u00a0 \u00a0 \u00a0 \u00a0 \u00a0 [&hellip;]\" \/>\n<meta property=\"og:url\" content=\"https:\/\/cepermariazambrano.es\/?page_id=150\" \/>\n<meta property=\"og:site_name\" content=\"CEPER Mar\u00eda Zambrano\" \/>\n<meta property=\"article:modified_time\" content=\"2026-04-21T11:01:52+00:00\" \/>\n<meta property=\"og:image\" content=\"https:\/\/cepermariazambrano.es\/wp-content\/uploads\/2026\/04\/Equipo-docente-curso-2024-2025-2.jpg\" \/>\n<meta name=\"twitter:card\" content=\"summary_large_image\" \/>\n<meta name=\"twitter:label1\" content=\"Tiempo de lectura\" \/>\n\t<meta name=\"twitter:data1\" content=\"1 minuto\" \/>\n<script type=\"application\/ld+json\" class=\"yoast-schema-graph\">{\"@context\":\"https:\/\/schema.org\",\"@graph\":[{\"@type\":\"WebPage\",\"@id\":\"https:\/\/cepermariazambrano.es\/?page_id=150\",\"url\":\"https:\/\/cepermariazambrano.es\/?page_id=150\",\"name\":\"Profesorado - CEPER Mar\u00eda Zambrano\",\"isPartOf\":{\"@id\":\"https:\/\/cepermariazambrano.es\/#website\"},\"primaryImageOfPage\":{\"@id\":\"https:\/\/cepermariazambrano.es\/?page_id=150#primaryimage\"},\"image\":{\"@id\":\"https:\/\/cepermariazambrano.es\/?page_id=150#primaryimage\"},\"thumbnailUrl\":\"https:\/\/cepermariazambrano.es\/wp-content\/uploads\/2026\/04\/Equipo-docente-curso-2024-2025-2.jpg\",\"datePublished\":\"2026-04-21T11:01:50+00:00\",\"dateModified\":\"2026-04-21T11:01:52+00:00\",\"breadcrumb\":{\"@id\":\"https:\/\/cepermariazambrano.es\/?page_id=150#breadcrumb\"},\"inLanguage\":\"es\",\"potentialAction\":[{\"@type\":\"ReadAction\",\"target\":[\"https:\/\/cepermariazambrano.es\/?page_id=150\"]}]},{\"@type\":\"ImageObject\",\"inLanguage\":\"es\",\"@id\":\"https:\/\/cepermariazambrano.es\/?page_id=150#primaryimage\",\"url\":\"https:\/\/cepermariazambrano.es\/wp-content\/uploads\/2026\/04\/Equipo-docente-curso-2024-2025-2.jpg\",\"contentUrl\":\"https:\/\/cepermariazambrano.es\/wp-content\/uploads\/2026\/04\/Equipo-docente-curso-2024-2025-2.jpg\",\"width\":2400,\"height\":1600},{\"@type\":\"BreadcrumbList\",\"@id\":\"https:\/\/cepermariazambrano.es\/?page_id=150#breadcrumb\",\"itemListElement\":[{\"@type\":\"ListItem\",\"position\":1,\"name\":\"Portada\",\"item\":\"https:\/\/cepermariazambrano.es\/\"},{\"@type\":\"ListItem\",\"position\":2,\"name\":\"Profesorado\"}]},{\"@type\":\"WebSite\",\"@id\":\"https:\/\/cepermariazambrano.es\/#website\",\"url\":\"https:\/\/cepermariazambrano.es\/\",\"name\":\"CEPER Mar\u00eda Zambrano\",\"description\":\"Centro de Educaci\u00f3n Permanente en San Fernando\",\"potentialAction\":[{\"@type\":\"SearchAction\",\"target\":{\"@type\":\"EntryPoint\",\"urlTemplate\":\"https:\/\/cepermariazambrano.es\/?s={search_term_string}\"},\"query-input\":{\"@type\":\"PropertyValueSpecification\",\"valueRequired\":true,\"valueName\":\"search_term_string\"}}],\"inLanguage\":\"es\"}]}<\/script>\n<!-- \/ Yoast SEO plugin. -->","yoast_head_json":{"title":"Profesorado - CEPER Mar\u00eda Zambrano","robots":{"index":"index","follow":"follow","max-snippet":"max-snippet:-1","max-image-preview":"max-image-preview:large","max-video-preview":"max-video-preview:-1"},"canonical":"https:\/\/cepermariazambrano.es\/?page_id=150","og_locale":"es_ES","og_type":"article","og_title":"Profesorado - CEPER Mar\u00eda Zambrano","og_description":"Gloria Out\u00f3n P\u00e9rez\u00a0 \u00a0 \u00a0 \u00a0 \u00a0 \u00a0 \u00a0 \u00a0 \u00a0 \u00a0 \u00a0 \u00a0 \u00a0 \u00a0 \u00a0 \u00a0 \u00a0 \u00a0 [&hellip;]","og_url":"https:\/\/cepermariazambrano.es\/?page_id=150","og_site_name":"CEPER Mar\u00eda Zambrano","article_modified_time":"2026-04-21T11:01:52+00:00","og_image":[{"url":"https:\/\/cepermariazambrano.es\/wp-content\/uploads\/2026\/04\/Equipo-docente-curso-2024-2025-2.jpg","type":"","width":"","height":""}],"twitter_card":"summary_large_image","twitter_misc":{"Tiempo de lectura":"1 minuto"},"schema":{"@context":"https:\/\/schema.org","@graph":[{"@type":"WebPage","@id":"https:\/\/cepermariazambrano.es\/?page_id=150","url":"https:\/\/cepermariazambrano.es\/?page_id=150","name":"Profesorado - CEPER Mar\u00eda Zambrano","isPartOf":{"@id":"https:\/\/cepermariazambrano.es\/#website"},"primaryImageOfPage":{"@id":"https:\/\/cepermariazambrano.es\/?page_id=150#primaryimage"},"image":{"@id":"https:\/\/cepermariazambrano.es\/?page_id=150#primaryimage"},"thumbnailUrl":"https:\/\/cepermariazambrano.es\/wp-content\/uploads\/2026\/04\/Equipo-docente-curso-2024-2025-2.jpg","datePublished":"2026-04-21T11:01:50+00:00","dateModified":"2026-04-21T11:01:52+00:00","breadcrumb":{"@id":"https:\/\/cepermariazambrano.es\/?page_id=150#breadcrumb"},"inLanguage":"es","potentialAction":[{"@type":"ReadAction","target":["https:\/\/cepermariazambrano.es\/?page_id=150"]}]},{"@type":"ImageObject","inLanguage":"es","@id":"https:\/\/cepermariazambrano.es\/?page_id=150#primaryimage","url":"https:\/\/cepermariazambrano.es\/wp-content\/uploads\/2026\/04\/Equipo-docente-curso-2024-2025-2.jpg","contentUrl":"https:\/\/cepermariazambrano.es\/wp-content\/uploads\/2026\/04\/Equipo-docente-curso-2024-2025-2.jpg","width":2400,"height":1600},{"@type":"BreadcrumbList","@id":"https:\/\/cepermariazambrano.es\/?page_id=150#breadcrumb","itemListElement":[{"@type":"ListItem","position":1,"name":"Portada","item":"https:\/\/cepermariazambrano.es\/"},{"@type":"ListItem","position":2,"name":"Profesorado"}]},{"@type":"WebSite","@id":"https:\/\/cepermariazambrano.es\/#website","url":"https:\/\/cepermariazambrano.es\/","name":"CEPER Mar\u00eda Zambrano","description":"Centro de Educaci\u00f3n Permanente en San Fernando","potentialAction":[{"@type":"SearchAction","target":{"@type":"EntryPoint","urlTemplate":"https:\/\/cepermariazambrano.es\/?s={search_term_string}"},"query-input":{"@type":"PropertyValueSpecification","valueRequired":true,"valueName":"search_term_string"}}],"inLanguage":"es"}]}},"_links":{"self":[{"href":"https:\/\/cepermariazambrano.es\/index.php?rest_route=\/wp\/v2\/pages\/150","targetHints":{"allow":["GET"]}}],"collection":[{"href":"https:\/\/cepermariazambrano.es\/index.php?rest_route=\/wp\/v2\/pages"}],"about":[{"href":"https:\/\/cepermariazambrano.es\/index.php?rest_route=\/wp\/v2\/types\/page"}],"author":[{"embeddable":true,"href":"https:\/\/cepermariazambrano.es\/index.php?rest_route=\/wp\/v2\/users\/1"}],"replies":[{"embeddable":true,"href":"https:\/\/cepermariazambrano.es\/index.php?rest_route=%2Fwp%2Fv2%2Fcomments&post=150"}],"version-history":[{"count":1,"href":"https:\/\/cepermariazambrano.es\/index.php?rest_route=\/wp\/v2\/pages\/150\/revisions"}],"predecessor-version":[{"id":152,"href":"https:\/\/cepermariazambrano.es\/index.php?rest_route=\/wp\/v2\/pages\/150\/revisions\/152"}],"wp:attachment":[{"href":"https:\/\/cepermariazambrano.es\/index.php?rest_route=%2Fwp%2Fv2%2Fmedia&parent=150"}],"curies":[{"name":"wp","href":"https:\/\/api.w.org\/{rel}","templated":true}]}}