{"id":23,"date":"2026-03-12T13:41:06","date_gmt":"2026-03-12T12:41:06","guid":{"rendered":"https:\/\/localhost\/wordpress\/?page_id=23"},"modified":"2026-05-08T12:27:31","modified_gmt":"2026-05-08T10:27:31","slug":"oferta-educativa","status":"publish","type":"page","link":"https:\/\/cepermariazambrano.es\/?page_id=23","title":{"rendered":"Oferta educativa"},"content":{"rendered":"\t\t<div data-elementor-type=\"wp-page\" data-elementor-id=\"23\" class=\"elementor elementor-23\">\n\t\t\t\t<div class=\"elementor-element elementor-element-d85f03f e-flex e-con-boxed e-con e-parent\" data-id=\"d85f03f\" data-element_type=\"container\" data-e-type=\"container\">\n\t\t\t\t\t<div class=\"e-con-inner\">\n\t\t\t\t<div class=\"elementor-element elementor-element-66a4c3fb elementor-widget elementor-widget-text-editor\" data-id=\"66a4c3fb\" data-element_type=\"widget\" data-e-type=\"widget\" data-widget_type=\"text-editor.default\">\n\t\t\t\t\t\t\t\t\t\n<p class=\"has-text-align-center\"><strong><span style=\"color: #3366ff;\">Ofrecemos dos itinerarios formativos: uno formal y otro no formal. La formaci\u00f3n formal incluye la educaci\u00f3n b\u00e1sica, organizada en dos niveles y dividida en \u00e1mbitos de comunicaci\u00f3n, cient\u00edfico-tecnol\u00f3gico y social. La formaci\u00f3n no formal permite obtener titulaciones como el Graduado en Secundaria o el acceso a la universidad para mayores de 25 a\u00f1os, adem\u00e1s de una amplia oferta de cursos de ciudadan\u00eda activa como inform\u00e1tica, idiomas, arte, espa\u00f1ol para extranjeros, vida saludable, nutrici\u00f3n y patrimonio.<\/span><\/strong><\/p>\n\n<p>\u00a0<\/p>\n\t\t\t\t\t\t\t\t<\/div>\n\t\t\t\t\t<\/div>\n\t\t\t\t<\/div>\n\t\t<div class=\"elementor-element elementor-element-500d19e e-grid e-con-boxed e-con e-parent\" data-id=\"500d19e\" data-element_type=\"container\" data-e-type=\"container\">\n\t\t\t\t\t<div class=\"e-con-inner\">\n\t\t\t\t<div class=\"elementor-element elementor-element-664edf0 elementor-align-right elementor-widget elementor-widget-button\" data-id=\"664edf0\" data-element_type=\"widget\" data-e-type=\"widget\" data-widget_type=\"button.default\">\n\t\t\t\t\t\t\t\t\t\t<a class=\"elementor-button elementor-button-link elementor-size-sm\" href=\"https:\/\/cepermariazambrano.es\/?page_id=283\">\n\t\t\t\t\t\t<span class=\"elementor-button-content-wrapper\">\n\t\t\t\t\t\t\t\t\t<span class=\"elementor-button-text\">Formaci\u00f3n no formal<\/span>\n\t\t\t\t\t<\/span>\n\t\t\t\t\t<\/a>\n\t\t\t\t\t\t\t\t<\/div>\n\t\t\t\t<div class=\"elementor-element elementor-element-de751e6 elementor-align-left elementor-widget elementor-widget-button\" data-id=\"de751e6\" data-element_type=\"widget\" data-e-type=\"widget\" data-widget_type=\"button.default\">\n\t\t\t\t\t\t\t\t\t\t<a class=\"elementor-button elementor-button-link elementor-size-sm\" href=\"https:\/\/cepermariazambrano.es\/?page_id=281\">\n\t\t\t\t\t\t<span class=\"elementor-button-content-wrapper\">\n\t\t\t\t\t\t\t\t\t<span class=\"elementor-button-text\">Formaci\u00f3n Formal<\/span>\n\t\t\t\t\t<\/span>\n\t\t\t\t\t<\/a>\n\t\t\t\t\t\t\t\t<\/div>\n\t\t\t\t\t<\/div>\n\t\t\t\t<\/div>\n\t\t\t\t<\/div>\n\t\t","protected":false},"excerpt":{"rendered":"<p>Ofrecemos dos itinerarios formativos: uno formal y otro no formal. La formaci\u00f3n formal incluye la educaci\u00f3n b\u00e1sica, organizada en dos [&hellip;]<\/p>\n","protected":false},"author":1,"featured_media":0,"parent":0,"menu_order":0,"comment_status":"closed","ping_status":"closed","template":"","meta":{"site-sidebar-layout":"default","site-content-layout":"","ast-site-content-layout":"default","site-content-style":"default","site-sidebar-style":"default","ast-global-header-display":"","ast-banner-title-visibility":"","ast-main-header-display":"","ast-hfb-above-header-display":"","ast-hfb-below-header-display":"","ast-hfb-mobile-header-display":"","site-post-title":"","ast-breadcrumbs-content":"","ast-featured-img":"","footer-sml-layout":"","ast-disable-related-posts":"","theme-transparent-header-meta":"","adv-header-id-meta":"","stick-header-meta":"","header-above-stick-meta":"","header-main-stick-meta":"","header-below-stick-meta":"","astra-migrate-meta-layouts":"default","ast-page-background-enabled":"default","ast-page-background-meta":{"desktop":{"background-color":"var(--ast-global-color-5)","background-image":"","background-repeat":"repeat","background-position":"center center","background-size":"auto","background-attachment":"scroll","background-type":"","background-media":"","overlay-type":"","overlay-color":"","overlay-opacity":"","overlay-gradient":""},"tablet":{"background-color":"","background-image":"","background-repeat":"repeat","background-position":"center center","background-size":"auto","background-attachment":"scroll","background-type":"","background-media":"","overlay-type":"","overlay-color":"","overlay-opacity":"","overlay-gradient":""},"mobile":{"background-color":"","background-image":"","background-repeat":"repeat","background-position":"center center","background-size":"auto","background-attachment":"scroll","background-type":"","background-media":"","overlay-type":"","overlay-color":"","overlay-opacity":"","overlay-gradient":""}},"ast-content-background-meta":{"desktop":{"background-color":"var(--ast-global-color-4)","background-image":"","background-repeat":"repeat","background-position":"center center","background-size":"auto","background-attachment":"scroll","background-type":"","background-media":"","overlay-type":"","overlay-color":"","overlay-opacity":"","overlay-gradient":""},"tablet":{"background-color":"var(--ast-global-color-4)","background-image":"","background-repeat":"repeat","background-position":"center center","background-size":"auto","background-attachment":"scroll","background-type":"","background-media":"","overlay-type":"","overlay-color":"","overlay-opacity":"","overlay-gradient":""},"mobile":{"background-color":"var(--ast-global-color-4)","background-image":"","background-repeat":"repeat","background-position":"center center","background-size":"auto","background-attachment":"scroll","background-type":"","background-media":"","overlay-type":"","overlay-color":"","overlay-opacity":"","overlay-gradient":""}},"footnotes":""},"class_list":["post-23","page","type-page","status-publish","hentry"],"yoast_head":"<!-- This site is optimized with the Yoast SEO plugin v27.1.1 - https:\/\/yoast.com\/product\/yoast-seo-wordpress\/ -->\n<title>Oferta educativa - CEPER Mar\u00eda Zambrano<\/title>\n<meta name=\"robots\" content=\"index, follow, max-snippet:-1, max-image-preview:large, max-video-preview:-1\" \/>\n<link rel=\"canonical\" href=\"https:\/\/cepermariazambrano.es\/?page_id=23\" \/>\n<meta property=\"og:locale\" content=\"es_ES\" \/>\n<meta property=\"og:type\" content=\"article\" \/>\n<meta property=\"og:title\" content=\"Oferta educativa - CEPER Mar\u00eda Zambrano\" \/>\n<meta property=\"og:description\" content=\"Ofrecemos dos itinerarios formativos: uno formal y otro no formal. La formaci\u00f3n formal incluye la educaci\u00f3n b\u00e1sica, organizada en dos [&hellip;]\" \/>\n<meta property=\"og:url\" content=\"https:\/\/cepermariazambrano.es\/?page_id=23\" \/>\n<meta property=\"og:site_name\" content=\"CEPER Mar\u00eda Zambrano\" \/>\n<meta property=\"article:modified_time\" content=\"2026-05-08T10:27:31+00:00\" \/>\n<meta name=\"twitter:card\" content=\"summary_large_image\" \/>\n<meta name=\"twitter:label1\" content=\"Tiempo de lectura\" \/>\n\t<meta name=\"twitter:data1\" content=\"1 minuto\" \/>\n<script type=\"application\/ld+json\" class=\"yoast-schema-graph\">{\"@context\":\"https:\/\/schema.org\",\"@graph\":[{\"@type\":\"WebPage\",\"@id\":\"https:\/\/cepermariazambrano.es\/?page_id=23\",\"url\":\"https:\/\/cepermariazambrano.es\/?page_id=23\",\"name\":\"Oferta educativa - CEPER Mar\u00eda Zambrano\",\"isPartOf\":{\"@id\":\"https:\/\/cepermariazambrano.es\/#website\"},\"datePublished\":\"2026-03-12T12:41:06+00:00\",\"dateModified\":\"2026-05-08T10:27:31+00:00\",\"breadcrumb\":{\"@id\":\"https:\/\/cepermariazambrano.es\/?page_id=23#breadcrumb\"},\"inLanguage\":\"es\",\"potentialAction\":[{\"@type\":\"ReadAction\",\"target\":[\"https:\/\/cepermariazambrano.es\/?page_id=23\"]}]},{\"@type\":\"BreadcrumbList\",\"@id\":\"https:\/\/cepermariazambrano.es\/?page_id=23#breadcrumb\",\"itemListElement\":[{\"@type\":\"ListItem\",\"position\":1,\"name\":\"Portada\",\"item\":\"https:\/\/cepermariazambrano.es\/\"},{\"@type\":\"ListItem\",\"position\":2,\"name\":\"Oferta educativa\"}]},{\"@type\":\"WebSite\",\"@id\":\"https:\/\/cepermariazambrano.es\/#website\",\"url\":\"https:\/\/cepermariazambrano.es\/\",\"name\":\"CEPER Mar\u00eda Zambrano\",\"description\":\"Centro de Educaci\u00f3n Permanente en San Fernando\",\"potentialAction\":[{\"@type\":\"SearchAction\",\"target\":{\"@type\":\"EntryPoint\",\"urlTemplate\":\"https:\/\/cepermariazambrano.es\/?s={search_term_string}\"},\"query-input\":{\"@type\":\"PropertyValueSpecification\",\"valueRequired\":true,\"valueName\":\"search_term_string\"}}],\"inLanguage\":\"es\"}]}<\/script>\n<!-- \/ Yoast SEO plugin. -->","yoast_head_json":{"title":"Oferta educativa - CEPER Mar\u00eda Zambrano","robots":{"index":"index","follow":"follow","max-snippet":"max-snippet:-1","max-image-preview":"max-image-preview:large","max-video-preview":"max-video-preview:-1"},"canonical":"https:\/\/cepermariazambrano.es\/?page_id=23","og_locale":"es_ES","og_type":"article","og_title":"Oferta educativa - CEPER Mar\u00eda Zambrano","og_description":"Ofrecemos dos itinerarios formativos: uno formal y otro no formal. La formaci\u00f3n formal incluye la educaci\u00f3n b\u00e1sica, organizada en dos [&hellip;]","og_url":"https:\/\/cepermariazambrano.es\/?page_id=23","og_site_name":"CEPER Mar\u00eda Zambrano","article_modified_time":"2026-05-08T10:27:31+00:00","twitter_card":"summary_large_image","twitter_misc":{"Tiempo de lectura":"1 minuto"},"schema":{"@context":"https:\/\/schema.org","@graph":[{"@type":"WebPage","@id":"https:\/\/cepermariazambrano.es\/?page_id=23","url":"https:\/\/cepermariazambrano.es\/?page_id=23","name":"Oferta educativa - CEPER Mar\u00eda Zambrano","isPartOf":{"@id":"https:\/\/cepermariazambrano.es\/#website"},"datePublished":"2026-03-12T12:41:06+00:00","dateModified":"2026-05-08T10:27:31+00:00","breadcrumb":{"@id":"https:\/\/cepermariazambrano.es\/?page_id=23#breadcrumb"},"inLanguage":"es","potentialAction":[{"@type":"ReadAction","target":["https:\/\/cepermariazambrano.es\/?page_id=23"]}]},{"@type":"BreadcrumbList","@id":"https:\/\/cepermariazambrano.es\/?page_id=23#breadcrumb","itemListElement":[{"@type":"ListItem","position":1,"name":"Portada","item":"https:\/\/cepermariazambrano.es\/"},{"@type":"ListItem","position":2,"name":"Oferta educativa"}]},{"@type":"WebSite","@id":"https:\/\/cepermariazambrano.es\/#website","url":"https:\/\/cepermariazambrano.es\/","name":"CEPER Mar\u00eda Zambrano","description":"Centro de Educaci\u00f3n Permanente en San Fernando","potentialAction":[{"@type":"SearchAction","target":{"@type":"EntryPoint","urlTemplate":"https:\/\/cepermariazambrano.es\/?s={search_term_string}"},"query-input":{"@type":"PropertyValueSpecification","valueRequired":true,"valueName":"search_term_string"}}],"inLanguage":"es"}]}},"_links":{"self":[{"href":"https:\/\/cepermariazambrano.es\/index.php?rest_route=\/wp\/v2\/pages\/23","targetHints":{"allow":["GET"]}}],"collection":[{"href":"https:\/\/cepermariazambrano.es\/index.php?rest_route=\/wp\/v2\/pages"}],"about":[{"href":"https:\/\/cepermariazambrano.es\/index.php?rest_route=\/wp\/v2\/types\/page"}],"author":[{"embeddable":true,"href":"https:\/\/cepermariazambrano.es\/index.php?rest_route=\/wp\/v2\/users\/1"}],"replies":[{"embeddable":true,"href":"https:\/\/cepermariazambrano.es\/index.php?rest_route=%2Fwp%2Fv2%2Fcomments&post=23"}],"version-history":[{"count":16,"href":"https:\/\/cepermariazambrano.es\/index.php?rest_route=\/wp\/v2\/pages\/23\/revisions"}],"predecessor-version":[{"id":311,"href":"https:\/\/cepermariazambrano.es\/index.php?rest_route=\/wp\/v2\/pages\/23\/revisions\/311"}],"wp:attachment":[{"href":"https:\/\/cepermariazambrano.es\/index.php?rest_route=%2Fwp%2Fv2%2Fmedia&parent=23"}],"curies":[{"name":"wp","href":"https:\/\/api.w.org\/{rel}","templated":true}]}}