{"id":281,"date":"2026-05-07T11:29:17","date_gmt":"2026-05-07T09:29:17","guid":{"rendered":"https:\/\/localhost\/wordpress\/?page_id=281"},"modified":"2026-05-08T12:30:15","modified_gmt":"2026-05-08T10:30:15","slug":"formacion-formal","status":"publish","type":"page","link":"https:\/\/cepermariazambrano.es\/?page_id=281","title":{"rendered":"Formaci\u00f3n formal"},"content":{"rendered":"\t\t<div data-elementor-type=\"wp-page\" data-elementor-id=\"281\" class=\"elementor elementor-281\">\n\t\t\t\t<div class=\"elementor-element elementor-element-e775896 e-flex e-con-boxed e-con e-parent\" data-id=\"e775896\" data-element_type=\"container\" data-e-type=\"container\">\n\t\t\t\t\t<div class=\"e-con-inner\">\n\t\t\t\t<div class=\"elementor-element elementor-element-1cb1688 elementor-widget elementor-widget-text-editor\" data-id=\"1cb1688\" data-element_type=\"widget\" data-e-type=\"widget\" data-widget_type=\"text-editor.default\">\n\t\t\t\t\t\t\t\t\t<p><span style=\"font-style: inherit; font-weight: inherit; color: #3366ff;\">En nuestro centro apostamos por una educaci\u00f3n accesible, inclusiva y orientada al desarrollo personal y profesional de cada estudiante. Por ello, ofrecemos una formaci\u00f3n adaptada a diferentes niveles y necesidades, brindando oportunidades para adquirir conocimientos, fortalecer competencias y avanzar acad\u00e9micamente.<\/span><\/p><p><span style=\"color: #3366ff;\">Nuestra oferta educativa formal se estructura en:<\/span><\/p><p><span style=\"text-decoration: underline; color: #3366ff;\"><strong><span>Formaci\u00f3n B\u00e1sica \u2013 Nivel 1<\/span><\/strong><\/span><\/p><p><span style=\"color: #3366ff;\">Este nivel est\u00e1 dise\u00f1ado para proporcionar las competencias esenciales y reforzar los aprendizajes fundamentales a trav\u00e9s de los siguientes \u00e1mbitos:<\/span><\/p><ul><li><span style=\"color: #3366ff;\">\u00c1mbito de Comunicaci\u00f3n<\/span><\/li><li><span style=\"color: #3366ff;\">\u00c1mbito Cient\u00edfico-Tecnol\u00f3gico<\/span><\/li><li><span style=\"color: #3366ff;\">\u00c1mbito Social<\/span><\/li><\/ul><p><span style=\"text-decoration: underline; color: #3366ff;\"><strong><span>Formaci\u00f3n B\u00e1sica \u2013 Nivel 2<\/span><\/strong><\/span><\/p><p><span style=\"color: #3366ff;\">Dirigido a quienes desean continuar su proceso formativo y consolidar sus conocimientos en las \u00e1reas principales:<\/span><\/p><ul><li><span style=\"color: #3366ff;\">\u00c1mbito de Comunicaci\u00f3n<\/span><\/li><li><span style=\"color: #3366ff;\">\u00c1mbito Cient\u00edfico-Tecnol\u00f3gico<\/span><\/li><li><span style=\"color: #3366ff;\">\u00c1mbito Social<\/span><\/li><\/ul><p><span style=\"color: #800080;\"><span style=\"color: #3366ff;\">Nuestro compromiso es acompa\u00f1ar al alumnado en su crecimiento acad\u00e9mico y personal, ofreciendo una ense\u00f1anza de calidad, cercana y orientada a favorecer la inclusi\u00f3n, la autonom\u00eda y el aprendizaje continuo.<\/span><\/span><\/p>\t\t\t\t\t\t\t\t<\/div>\n\t\t\t\t\t<\/div>\n\t\t\t\t<\/div>\n\t\t\t\t<\/div>\n\t\t","protected":false},"excerpt":{"rendered":"<p>En nuestro centro apostamos por una educaci\u00f3n accesible, inclusiva y orientada al desarrollo personal y profesional de cada estudiante. Por [&hellip;]<\/p>\n","protected":false},"author":1,"featured_media":0,"parent":0,"menu_order":0,"comment_status":"closed","ping_status":"closed","template":"","meta":{"site-sidebar-layout":"no-sidebar","site-content-layout":"","ast-site-content-layout":"full-width-container","site-content-style":"default","site-sidebar-style":"default","ast-global-header-display":"","ast-banner-title-visibility":"","ast-main-header-display":"","ast-hfb-above-header-display":"","ast-hfb-below-header-display":"","ast-hfb-mobile-header-display":"","site-post-title":"disabled","ast-breadcrumbs-content":"","ast-featured-img":"disabled","footer-sml-layout":"","ast-disable-related-posts":"","theme-transparent-header-meta":"","adv-header-id-meta":"","stick-header-meta":"","header-above-stick-meta":"","header-main-stick-meta":"","header-below-stick-meta":"","astra-migrate-meta-layouts":"default","ast-page-background-enabled":"default","ast-page-background-meta":{"desktop":{"background-color":"var(--ast-global-color-5)","background-image":"","background-repeat":"repeat","background-position":"center center","background-size":"auto","background-attachment":"scroll","background-type":"","background-media":"","overlay-type":"","overlay-color":"","overlay-opacity":"","overlay-gradient":""},"tablet":{"background-color":"","background-image":"","background-repeat":"repeat","background-position":"center center","background-size":"auto","background-attachment":"scroll","background-type":"","background-media":"","overlay-type":"","overlay-color":"","overlay-opacity":"","overlay-gradient":""},"mobile":{"background-color":"","background-image":"","background-repeat":"repeat","background-position":"center center","background-size":"auto","background-attachment":"scroll","background-type":"","background-media":"","overlay-type":"","overlay-color":"","overlay-opacity":"","overlay-gradient":""}},"ast-content-background-meta":{"desktop":{"background-color":"var(--ast-global-color-4)","background-image":"","background-repeat":"repeat","background-position":"center center","background-size":"auto","background-attachment":"scroll","background-type":"","background-media":"","overlay-type":"","overlay-color":"","overlay-opacity":"","overlay-gradient":""},"tablet":{"background-color":"var(--ast-global-color-4)","background-image":"","background-repeat":"repeat","background-position":"center center","background-size":"auto","background-attachment":"scroll","background-type":"","background-media":"","overlay-type":"","overlay-color":"","overlay-opacity":"","overlay-gradient":""},"mobile":{"background-color":"var(--ast-global-color-4)","background-image":"","background-repeat":"repeat","background-position":"center center","background-size":"auto","background-attachment":"scroll","background-type":"","background-media":"","overlay-type":"","overlay-color":"","overlay-opacity":"","overlay-gradient":""}},"footnotes":""},"class_list":["post-281","page","type-page","status-publish","hentry"],"yoast_head":"<!-- This site is optimized with the Yoast SEO plugin v27.1.1 - https:\/\/yoast.com\/product\/yoast-seo-wordpress\/ -->\n<title>Formaci\u00f3n formal - CEPER Mar\u00eda Zambrano<\/title>\n<meta name=\"robots\" content=\"index, follow, max-snippet:-1, max-image-preview:large, max-video-preview:-1\" \/>\n<link rel=\"canonical\" href=\"https:\/\/cepermariazambrano.es\/?page_id=281\" \/>\n<meta property=\"og:locale\" content=\"es_ES\" \/>\n<meta property=\"og:type\" content=\"article\" \/>\n<meta property=\"og:title\" content=\"Formaci\u00f3n formal - CEPER Mar\u00eda Zambrano\" \/>\n<meta property=\"og:description\" content=\"En nuestro centro apostamos por una educaci\u00f3n accesible, inclusiva y orientada al desarrollo personal y profesional de cada estudiante. Por [&hellip;]\" \/>\n<meta property=\"og:url\" content=\"https:\/\/cepermariazambrano.es\/?page_id=281\" \/>\n<meta property=\"og:site_name\" content=\"CEPER Mar\u00eda Zambrano\" \/>\n<meta property=\"article:modified_time\" content=\"2026-05-08T10:30:15+00:00\" \/>\n<meta name=\"twitter:card\" content=\"summary_large_image\" \/>\n<meta name=\"twitter:label1\" content=\"Tiempo de lectura\" \/>\n\t<meta name=\"twitter:data1\" content=\"1 minuto\" \/>\n<script type=\"application\/ld+json\" class=\"yoast-schema-graph\">{\"@context\":\"https:\/\/schema.org\",\"@graph\":[{\"@type\":\"WebPage\",\"@id\":\"https:\/\/cepermariazambrano.es\/?page_id=281\",\"url\":\"https:\/\/cepermariazambrano.es\/?page_id=281\",\"name\":\"Formaci\u00f3n formal - CEPER Mar\u00eda Zambrano\",\"isPartOf\":{\"@id\":\"https:\/\/cepermariazambrano.es\/#website\"},\"datePublished\":\"2026-05-07T09:29:17+00:00\",\"dateModified\":\"2026-05-08T10:30:15+00:00\",\"breadcrumb\":{\"@id\":\"https:\/\/cepermariazambrano.es\/?page_id=281#breadcrumb\"},\"inLanguage\":\"es\",\"potentialAction\":[{\"@type\":\"ReadAction\",\"target\":[\"https:\/\/cepermariazambrano.es\/?page_id=281\"]}]},{\"@type\":\"BreadcrumbList\",\"@id\":\"https:\/\/cepermariazambrano.es\/?page_id=281#breadcrumb\",\"itemListElement\":[{\"@type\":\"ListItem\",\"position\":1,\"name\":\"Portada\",\"item\":\"https:\/\/cepermariazambrano.es\/\"},{\"@type\":\"ListItem\",\"position\":2,\"name\":\"Formaci\u00f3n formal\"}]},{\"@type\":\"WebSite\",\"@id\":\"https:\/\/cepermariazambrano.es\/#website\",\"url\":\"https:\/\/cepermariazambrano.es\/\",\"name\":\"CEPER Mar\u00eda Zambrano\",\"description\":\"Centro de Educaci\u00f3n Permanente en San Fernando\",\"potentialAction\":[{\"@type\":\"SearchAction\",\"target\":{\"@type\":\"EntryPoint\",\"urlTemplate\":\"https:\/\/cepermariazambrano.es\/?s={search_term_string}\"},\"query-input\":{\"@type\":\"PropertyValueSpecification\",\"valueRequired\":true,\"valueName\":\"search_term_string\"}}],\"inLanguage\":\"es\"}]}<\/script>\n<!-- \/ Yoast SEO plugin. -->","yoast_head_json":{"title":"Formaci\u00f3n formal - CEPER Mar\u00eda Zambrano","robots":{"index":"index","follow":"follow","max-snippet":"max-snippet:-1","max-image-preview":"max-image-preview:large","max-video-preview":"max-video-preview:-1"},"canonical":"https:\/\/cepermariazambrano.es\/?page_id=281","og_locale":"es_ES","og_type":"article","og_title":"Formaci\u00f3n formal - CEPER Mar\u00eda Zambrano","og_description":"En nuestro centro apostamos por una educaci\u00f3n accesible, inclusiva y orientada al desarrollo personal y profesional de cada estudiante. Por [&hellip;]","og_url":"https:\/\/cepermariazambrano.es\/?page_id=281","og_site_name":"CEPER Mar\u00eda Zambrano","article_modified_time":"2026-05-08T10:30:15+00:00","twitter_card":"summary_large_image","twitter_misc":{"Tiempo de lectura":"1 minuto"},"schema":{"@context":"https:\/\/schema.org","@graph":[{"@type":"WebPage","@id":"https:\/\/cepermariazambrano.es\/?page_id=281","url":"https:\/\/cepermariazambrano.es\/?page_id=281","name":"Formaci\u00f3n formal - CEPER Mar\u00eda Zambrano","isPartOf":{"@id":"https:\/\/cepermariazambrano.es\/#website"},"datePublished":"2026-05-07T09:29:17+00:00","dateModified":"2026-05-08T10:30:15+00:00","breadcrumb":{"@id":"https:\/\/cepermariazambrano.es\/?page_id=281#breadcrumb"},"inLanguage":"es","potentialAction":[{"@type":"ReadAction","target":["https:\/\/cepermariazambrano.es\/?page_id=281"]}]},{"@type":"BreadcrumbList","@id":"https:\/\/cepermariazambrano.es\/?page_id=281#breadcrumb","itemListElement":[{"@type":"ListItem","position":1,"name":"Portada","item":"https:\/\/cepermariazambrano.es\/"},{"@type":"ListItem","position":2,"name":"Formaci\u00f3n formal"}]},{"@type":"WebSite","@id":"https:\/\/cepermariazambrano.es\/#website","url":"https:\/\/cepermariazambrano.es\/","name":"CEPER Mar\u00eda Zambrano","description":"Centro de Educaci\u00f3n Permanente en San Fernando","potentialAction":[{"@type":"SearchAction","target":{"@type":"EntryPoint","urlTemplate":"https:\/\/cepermariazambrano.es\/?s={search_term_string}"},"query-input":{"@type":"PropertyValueSpecification","valueRequired":true,"valueName":"search_term_string"}}],"inLanguage":"es"}]}},"_links":{"self":[{"href":"https:\/\/cepermariazambrano.es\/index.php?rest_route=\/wp\/v2\/pages\/281","targetHints":{"allow":["GET"]}}],"collection":[{"href":"https:\/\/cepermariazambrano.es\/index.php?rest_route=\/wp\/v2\/pages"}],"about":[{"href":"https:\/\/cepermariazambrano.es\/index.php?rest_route=\/wp\/v2\/types\/page"}],"author":[{"embeddable":true,"href":"https:\/\/cepermariazambrano.es\/index.php?rest_route=\/wp\/v2\/users\/1"}],"replies":[{"embeddable":true,"href":"https:\/\/cepermariazambrano.es\/index.php?rest_route=%2Fwp%2Fv2%2Fcomments&post=281"}],"version-history":[{"count":7,"href":"https:\/\/cepermariazambrano.es\/index.php?rest_route=\/wp\/v2\/pages\/281\/revisions"}],"predecessor-version":[{"id":314,"href":"https:\/\/cepermariazambrano.es\/index.php?rest_route=\/wp\/v2\/pages\/281\/revisions\/314"}],"wp:attachment":[{"href":"https:\/\/cepermariazambrano.es\/index.php?rest_route=%2Fwp%2Fv2%2Fmedia&parent=281"}],"curies":[{"name":"wp","href":"https:\/\/api.w.org\/{rel}","templated":true}]}}